{"id":3887,"date":"2020-04-04T03:50:19","date_gmt":"2020-04-04T06:50:19","guid":{"rendered":"https:\/\/lareina.news\/noticias\/?page_id=3887"},"modified":"2020-04-04T04:06:53","modified_gmt":"2020-04-04T07:06:53","slug":"emprendedores-y-servicios","status":"publish","type":"page","link":"https:\/\/lareinanews.cl\/noticias\/index.php\/emprendedores-y-servicios\/","title":{"rendered":"Emprendedores y Servicios"},"content":{"rendered":"\n<!-- Page-list plugin v.5.9 wordpress.org\/plugins\/page-list\/ -->\n<div class=\"page-list page-list-ext \">\n<div class=\"page-list-ext-item\"><div class=\"page-list-ext-image\"><a href=\"https:\/\/lareinanews.cl\/noticias\/index.php\/emprendedores-y-servicios\/magaza\/\" title=\"Magaza\"><img decoding=\"async\" src=\"https:\/\/lareinanews.cl\/noticias\/wp-content\/uploads\/2021\/09\/magaza-150x150.png\" width=\"150\" alt=\"Magaza\" \/><\/a><\/div> <h3 class=\"page-list-ext-title\"><a href=\"https:\/\/lareinanews.cl\/noticias\/index.php\/emprendedores-y-servicios\/magaza\/\" title=\"Magaza\">Magaza<\/a><\/h3><div class=\"page-list-ext-item-content\">Magaza  es un pyme que distribuye productos seleccionados por su buena relaci\u00f3n entre el precio y calidad.\r\n\r\nProductos par ala cocina, de aseo, para el veh\u00edculo y de salud con despacho a la comuna de La Reina<\/div><\/div>\n<div class=\"page-list-ext-item\"><div class=\"page-list-ext-image\"><a href=\"https:\/\/lareinanews.cl\/noticias\/index.php\/emprendedores-y-servicios\/profe-a-un-click\/\" title=\"Profe a un Click\"><img decoding=\"async\" src=\"https:\/\/lareinanews.cl\/noticias\/wp-content\/uploads\/2020\/04\/profe-150x150.png\" width=\"150\" alt=\"Profe a un Click\" \/><\/a><\/div> <h3 class=\"page-list-ext-title\"><a href=\"https:\/\/lareinanews.cl\/noticias\/index.php\/emprendedores-y-servicios\/profe-a-un-click\/\" title=\"Profe a un Click\">Profe a un Click<\/a><\/h3><div class=\"page-list-ext-item-content\">Clases Online personalizadas  o en grupos reducidos \r\nSabemos que muchas familias est\u00e1n inquietas por el accidentado a\u00f1o escolar que\r\nest\u00e1n viviendo sus hijos. Si desean que ellos tengan continuidad en su proceso\r\neducativo y que aprovechen mejor este ac...<\/div><\/div>\n<div class=\"page-list-ext-item\"><div class=\"page-list-ext-image\"><a href=\"https:\/\/lareinanews.cl\/noticias\/index.php\/emprendedores-y-servicios\/tia-pepa-alimentos-a-domicilio\/\" title=\"T\u00eda Pepa, alimentos a domicilio\"><img decoding=\"async\" src=\"https:\/\/lareinanews.cl\/noticias\/wp-content\/uploads\/2019\/12\/reposteria-tia-pepa-150x150.jpg\" width=\"150\" alt=\"T\u00eda Pepa, alimentos a domicilio\" \/><\/a><\/div> <h3 class=\"page-list-ext-title\"><a href=\"https:\/\/lareinanews.cl\/noticias\/index.php\/emprendedores-y-servicios\/tia-pepa-alimentos-a-domicilio\/\" title=\"T\u00eda Pepa, alimentos a domicilio\">T\u00eda Pepa, alimentos a domicilio<\/a><\/h3><div class=\"page-list-ext-item-content\">La Reposter\u00eda Saludable T\u00eda Pepa  ofrece una novedosa variedad de exquisitos productos y excelentes servicios:\r\n\r\n \tReposter\u00eda Vegana \r\n \tReposter\u00eda Vegetariana \r\n \tReposter\u00eda para Diab\u00e9ticos \r\n \tReposter\u00eda Tradicional \r\n \tReposter\u00eda Low Carb \r\n \tCoc...<\/div><\/div>\n<div class=\"page-list-ext-item\"><div class=\"page-list-ext-image\"><a href=\"https:\/\/lareinanews.cl\/noticias\/index.php\/emprendedores-y-servicios\/siramamy-reposteria-y-chocolateria\/\" title=\"Siramamy, Reposter\u00eda y Chocolater\u00eda\"><img decoding=\"async\" src=\"https:\/\/lareinanews.cl\/noticias\/wp-content\/uploads\/2020\/04\/Siramamy_portada-150x150.jpg\" width=\"150\" alt=\"Siramamy, Reposter\u00eda y Chocolater\u00eda\" \/><\/a><\/div> <h3 class=\"page-list-ext-title\"><a href=\"https:\/\/lareinanews.cl\/noticias\/index.php\/emprendedores-y-servicios\/siramamy-reposteria-y-chocolateria\/\" title=\"Siramamy, Reposter\u00eda y Chocolater\u00eda\">Siramamy, Reposter\u00eda y Chocolater\u00eda<\/a><\/h3><div class=\"page-list-ext-item-content\">Ana Mar\u00eda, vecina de La Reina prepara exquisitos productos a pedido, sin aditivos y aptos para diab\u00e9ticos y cel\u00edacos  .\r\n\r\nPodemos destacar\r\n\r\n \tBolitas energ\u00e9ticas sin az\u00facar y sin gluten \r\n \tChocolates, naranjitas \r\n \tCuchuflies \r\n \tAlb\u00f3ndigas \r\n \tM...<\/div><\/div>\n\n<\/div>\n","protected":false},"excerpt":{"rendered":"<div class=\"mh-excerpt\"><\/div>","protected":false},"author":1,"featured_media":0,"parent":0,"menu_order":0,"comment_status":"closed","ping_status":"closed","template":"","meta":{"_acf_changed":false,"footnotes":""},"class_list":["post-3887","page","type-page","status-publish"],"acf":[],"yoast_head":"<!-- This site is optimized with the Yoast SEO plugin v27.1.1 - https:\/\/yoast.com\/product\/yoast-seo-wordpress\/ -->\n<title>\u2705Emprendedores y Servicios - Noticias La Reina \u2705<\/title>\n<meta name=\"robots\" content=\"index, follow, max-snippet:-1, max-image-preview:large, max-video-preview:-1\" \/>\n<link rel=\"canonical\" href=\"https:\/\/lareinanews.cl\/noticias\/index.php\/emprendedores-y-servicios\/\" \/>\n<meta property=\"og:locale\" content=\"es_ES\" \/>\n<meta property=\"og:type\" content=\"article\" \/>\n<meta property=\"og:title\" content=\"\u2705Emprendedores y Servicios - Noticias La Reina \u2705\" \/>\n<meta property=\"og:url\" content=\"https:\/\/lareinanews.cl\/noticias\/index.php\/emprendedores-y-servicios\/\" \/>\n<meta property=\"og:site_name\" content=\"Noticias La Reina\" \/>\n<meta property=\"article:publisher\" content=\"https:\/\/www.facebook.com\/LaReinaNews\" \/>\n<meta property=\"article:modified_time\" content=\"2020-04-04T07:06:53+00:00\" \/>\n<meta name=\"twitter:card\" content=\"summary_large_image\" \/>\n<script type=\"application\/ld+json\" class=\"yoast-schema-graph\">{\"@context\":\"https:\/\/schema.org\",\"@graph\":[{\"@type\":\"WebPage\",\"@id\":\"https:\/\/lareinanews.cl\/noticias\/index.php\/emprendedores-y-servicios\/\",\"url\":\"https:\/\/lareinanews.cl\/noticias\/index.php\/emprendedores-y-servicios\/\",\"name\":\"\u2705Emprendedores y Servicios - Noticias La Reina \u2705\",\"isPartOf\":{\"@id\":\"https:\/\/lareinanews.cl\/noticias\/#website\"},\"datePublished\":\"2020-04-04T06:50:19+00:00\",\"dateModified\":\"2020-04-04T07:06:53+00:00\",\"breadcrumb\":{\"@id\":\"https:\/\/lareinanews.cl\/noticias\/index.php\/emprendedores-y-servicios\/#breadcrumb\"},\"inLanguage\":\"es\",\"potentialAction\":[{\"@type\":\"ReadAction\",\"target\":[\"https:\/\/lareinanews.cl\/noticias\/index.php\/emprendedores-y-servicios\/\"]}]},{\"@type\":\"BreadcrumbList\",\"@id\":\"https:\/\/lareinanews.cl\/noticias\/index.php\/emprendedores-y-servicios\/#breadcrumb\",\"itemListElement\":[{\"@type\":\"ListItem\",\"position\":1,\"name\":\"Inicio\",\"item\":\"https:\/\/lareinanews.cl\/noticias\/\"},{\"@type\":\"ListItem\",\"position\":2,\"name\":\"Emprendedores y Servicios\"}]},{\"@type\":\"WebSite\",\"@id\":\"https:\/\/lareinanews.cl\/noticias\/#website\",\"url\":\"https:\/\/lareinanews.cl\/noticias\/\",\"name\":\"Noticias La Reina\",\"description\":\"LaReina.news\",\"publisher\":{\"@id\":\"https:\/\/lareinanews.cl\/noticias\/#organization\"},\"potentialAction\":[{\"@type\":\"SearchAction\",\"target\":{\"@type\":\"EntryPoint\",\"urlTemplate\":\"https:\/\/lareinanews.cl\/noticias\/?s={search_term_string}\"},\"query-input\":{\"@type\":\"PropertyValueSpecification\",\"valueRequired\":true,\"valueName\":\"search_term_string\"}}],\"inLanguage\":\"es\"},{\"@type\":\"Organization\",\"@id\":\"https:\/\/lareinanews.cl\/noticias\/#organization\",\"name\":\"La Reina.news Peri\u00f3dico comunal de La Reina\",\"url\":\"https:\/\/lareinanews.cl\/noticias\/\",\"logo\":{\"@type\":\"ImageObject\",\"inLanguage\":\"es\",\"@id\":\"https:\/\/lareinanews.cl\/noticias\/#\/schema\/logo\/image\/\",\"url\":\"https:\/\/lareinanews.cl\/noticias\/wp-content\/uploads\/2020\/04\/logo_schema.png\",\"contentUrl\":\"https:\/\/lareinanews.cl\/noticias\/wp-content\/uploads\/2020\/04\/logo_schema.png\",\"width\":640,\"height\":360,\"caption\":\"La Reina.news Peri\u00f3dico comunal de La Reina\"},\"image\":{\"@id\":\"https:\/\/lareinanews.cl\/noticias\/#\/schema\/logo\/image\/\"},\"sameAs\":[\"https:\/\/www.facebook.com\/LaReinaNews\",\"https:\/\/www.instagram.com\/lareinanews\/\"]}]}<\/script>\n<!-- \/ Yoast SEO plugin. -->","yoast_head_json":{"title":"\u2705Emprendedores y Servicios - Noticias La Reina \u2705","robots":{"index":"index","follow":"follow","max-snippet":"max-snippet:-1","max-image-preview":"max-image-preview:large","max-video-preview":"max-video-preview:-1"},"canonical":"https:\/\/lareinanews.cl\/noticias\/index.php\/emprendedores-y-servicios\/","og_locale":"es_ES","og_type":"article","og_title":"\u2705Emprendedores y Servicios - Noticias La Reina \u2705","og_url":"https:\/\/lareinanews.cl\/noticias\/index.php\/emprendedores-y-servicios\/","og_site_name":"Noticias La Reina","article_publisher":"https:\/\/www.facebook.com\/LaReinaNews","article_modified_time":"2020-04-04T07:06:53+00:00","twitter_card":"summary_large_image","schema":{"@context":"https:\/\/schema.org","@graph":[{"@type":"WebPage","@id":"https:\/\/lareinanews.cl\/noticias\/index.php\/emprendedores-y-servicios\/","url":"https:\/\/lareinanews.cl\/noticias\/index.php\/emprendedores-y-servicios\/","name":"\u2705Emprendedores y Servicios - Noticias La Reina \u2705","isPartOf":{"@id":"https:\/\/lareinanews.cl\/noticias\/#website"},"datePublished":"2020-04-04T06:50:19+00:00","dateModified":"2020-04-04T07:06:53+00:00","breadcrumb":{"@id":"https:\/\/lareinanews.cl\/noticias\/index.php\/emprendedores-y-servicios\/#breadcrumb"},"inLanguage":"es","potentialAction":[{"@type":"ReadAction","target":["https:\/\/lareinanews.cl\/noticias\/index.php\/emprendedores-y-servicios\/"]}]},{"@type":"BreadcrumbList","@id":"https:\/\/lareinanews.cl\/noticias\/index.php\/emprendedores-y-servicios\/#breadcrumb","itemListElement":[{"@type":"ListItem","position":1,"name":"Inicio","item":"https:\/\/lareinanews.cl\/noticias\/"},{"@type":"ListItem","position":2,"name":"Emprendedores y Servicios"}]},{"@type":"WebSite","@id":"https:\/\/lareinanews.cl\/noticias\/#website","url":"https:\/\/lareinanews.cl\/noticias\/","name":"Noticias La Reina","description":"LaReina.news","publisher":{"@id":"https:\/\/lareinanews.cl\/noticias\/#organization"},"potentialAction":[{"@type":"SearchAction","target":{"@type":"EntryPoint","urlTemplate":"https:\/\/lareinanews.cl\/noticias\/?s={search_term_string}"},"query-input":{"@type":"PropertyValueSpecification","valueRequired":true,"valueName":"search_term_string"}}],"inLanguage":"es"},{"@type":"Organization","@id":"https:\/\/lareinanews.cl\/noticias\/#organization","name":"La Reina.news Peri\u00f3dico comunal de La Reina","url":"https:\/\/lareinanews.cl\/noticias\/","logo":{"@type":"ImageObject","inLanguage":"es","@id":"https:\/\/lareinanews.cl\/noticias\/#\/schema\/logo\/image\/","url":"https:\/\/lareinanews.cl\/noticias\/wp-content\/uploads\/2020\/04\/logo_schema.png","contentUrl":"https:\/\/lareinanews.cl\/noticias\/wp-content\/uploads\/2020\/04\/logo_schema.png","width":640,"height":360,"caption":"La Reina.news Peri\u00f3dico comunal de La Reina"},"image":{"@id":"https:\/\/lareinanews.cl\/noticias\/#\/schema\/logo\/image\/"},"sameAs":["https:\/\/www.facebook.com\/LaReinaNews","https:\/\/www.instagram.com\/lareinanews\/"]}]}},"_links":{"self":[{"href":"https:\/\/lareinanews.cl\/noticias\/index.php\/wp-json\/wp\/v2\/pages\/3887","targetHints":{"allow":["GET"]}}],"collection":[{"href":"https:\/\/lareinanews.cl\/noticias\/index.php\/wp-json\/wp\/v2\/pages"}],"about":[{"href":"https:\/\/lareinanews.cl\/noticias\/index.php\/wp-json\/wp\/v2\/types\/page"}],"author":[{"embeddable":true,"href":"https:\/\/lareinanews.cl\/noticias\/index.php\/wp-json\/wp\/v2\/users\/1"}],"replies":[{"embeddable":true,"href":"https:\/\/lareinanews.cl\/noticias\/index.php\/wp-json\/wp\/v2\/comments?post=3887"}],"version-history":[{"count":3,"href":"https:\/\/lareinanews.cl\/noticias\/index.php\/wp-json\/wp\/v2\/pages\/3887\/revisions"}],"predecessor-version":[{"id":3891,"href":"https:\/\/lareinanews.cl\/noticias\/index.php\/wp-json\/wp\/v2\/pages\/3887\/revisions\/3891"}],"wp:attachment":[{"href":"https:\/\/lareinanews.cl\/noticias\/index.php\/wp-json\/wp\/v2\/media?parent=3887"}],"curies":[{"name":"wp","href":"https:\/\/api.w.org\/{rel}","templated":true}]}}