{"id":244,"date":"2017-10-11T17:36:36","date_gmt":"2017-10-11T20:36:36","guid":{"rendered":"http:\/\/lareina.news\/noticias\/?page_id=244"},"modified":"2017-10-11T17:47:47","modified_gmt":"2017-10-11T20:47:47","slug":"que-es-un-core","status":"publish","type":"page","link":"https:\/\/lareinanews.cl\/noticias\/index.php\/columnistas\/que-es-un-core\/","title":{"rendered":"\u00bfQu\u00e9 es un core?"},"content":{"rendered":"<p>El domingo 19 de Noviembre, si vives en Chile, podr\u00e1s votar por el candidato o candidata a <strong>Core<\/strong>, que crees que te representar\u00e1 mejor. Pero, \u00bfsabemos exactamente que hace un core?<\/p>\n<h2>\u00bfQu\u00e9 es un core?<\/h2>\n<p>Un <strong>Consejero Regional<\/strong> o Core es un ciudadano elegido democr\u00e1ticamente para representar a los habitantes de su territorio en el <strong>Consejo Regional. <\/strong>Este consejo es un organismo p\u00fablico colegiado que tiene como finalidad hacer efectiva la participaci\u00f3n de la comunidad en el gobierno regional. Tiene facultades normativas, resolutivas y fiscalizadoras. Tradicionalmente\u00a0 era presidido por el intendente que a su vez, es nombrado por el gobierno central.<\/p>\n<p>Con la legislaci\u00f3n vigente\u00a0<strong>el presidente del consejo ya no ser\u00e1 el intendente<\/strong>,\u00a0 sino que uno de los Cores elegidos democr\u00e1ticamente y que ser\u00e1 nombrado mediante una votaci\u00f3n entre sus pares.<\/p>\n<blockquote><p>Los consejeros son elegidos democr\u00e1ticamente por los habitantes del territorio al que representan<\/p><\/blockquote>\n<p>Por lo tanto el representante que elijas para ser Consejero Regional tendr\u00e1 atribuciones normativas, resolutivas y fiscalizadoras que afectar\u00e1n directamente tu vida. Por ejemplo, el intendente s\u00f3lo puede proponer reglamentos regionales, pero su aprobaci\u00f3n es atribuci\u00f3n del consejo, con el voto de tu representante. Las municipalidades podr\u00e1n, cumpliendo con la ley, proponer cambios al plan regulador, pero la aprobaci\u00f3n debe ser dada por el consejo.<\/p>\n<p>Este cambio es relevante, porque mueve una parte del poder de decisi\u00f3n desde el gobierno central a las regiones, cre\u00e1ndose as\u00ed un contrapeso local a las decisiones del ejecutivo.<\/p>\n<h2>\u00bfQui\u00e9nes son los candidatos a Core en La Reina?<\/h2>\n<p>Fuente: <a href=\"http:\/\/consejerosregionales.cl\/2017\/candidatos_a_consejeros_regionales\/santiago_iv_nororiente-s495\" target=\"_blank\" rel=\"noopener\">ConsejerosRegionales.cl<\/a><\/p>\n<ul>\n<li><strong>Hugo Marcelo Alvarez Villagra<\/strong><br \/>\nPor Un Chile Justo Y Descentralizado \/ Por la Democracia<\/li>\n<li><strong>Ra\u00fal Ascencio Araneda<\/strong><br \/>\nUnidos Por La Descentralizaci\u00f3n \/ Socialista de Chile<\/li>\n<li><strong>Alejandro Bravo Pasler<\/strong><br \/>\nChile Vamos Udi-Pri-Independientes \/ Independiente<\/li>\n<li><strong>Javiera Carolina Bruna Nu\u00f1ez<\/strong><br \/>\nFrente Amplio \/ Igualdad<\/li>\n<li><strong>Michel De L&#8217;Herbe Dinamarca<\/strong><br \/>\nUnidos Por La Descentralizaci\u00f3n \/ Dem\u00f3crata Cristiano<\/li>\n<li><strong>Joceline Espinoza Garc\u00eda<\/strong><br \/>\nFrente Amplio \/ Humanista<\/li>\n<li><strong>Hanz Erich Fonfach Ugalde<\/strong><br \/>\nFrente Ecologista Y Ciudadano \/ Poder<\/li>\n<li><strong>Cristi\u00e1n Labb\u00e9 Mart\u00ednez<\/strong><br \/>\nChile Vamos Udi-Pri-Independientes \/ Uni\u00f3n Dem\u00f3crata Independiente<\/li>\n<li><strong>Roberto Lewin Valdivieso<\/strong><br \/>\nChile Vamos Udi-Pri-Independientes \/ Uni\u00f3n Dem\u00f3crata Independiente<\/li>\n<li><strong>Manuel Jos\u00e9 Monckeberg D\u00edaz<\/strong><br \/>\nChile Vamos &#8211; Rn &#8211; Ev\u00f3poli \/ Independiente<\/li>\n<li><strong>Alexander Exequiel Olatte Quintanilla<\/strong><br \/>\nPor Un Chile Justo Y Descentralizado \/ Radical Socialdemocrata<\/li>\n<li><strong>Christian Pohlhammer Boccardo<\/strong><br \/>\nPor Un Chile Justo Y Descentralizado \/ Por la Democracia<\/li>\n<li><strong>Franco Sabat Fern\u00e1ndez<\/strong><br \/>\nChile Vamos &#8211; Rn &#8211; Ev\u00f3poli \/ Renovaci\u00f3n Nacional<\/li>\n<li><strong>Jacqueline Marie Saintard Vera<\/strong><br \/>\nUnidos Por La Descentralizaci\u00f3n \/ Dem\u00f3crata Cristiano<\/li>\n<li><strong>Gabriela Adriana Pazos Nu\u00f1ez<\/strong><br \/>\nFrente Ecologista Y Ciudadano \/ Ecologista Verde<\/li>\n<li><strong>Rafael Patricio Pinochet Cavieres<\/strong><br \/>\nA Refundar Chile \/ Independientes<\/li>\n<li><strong>Mar\u00eda Soledad Morel Parot<\/strong><br \/>\nChile Vamos Udi-Pri-Independientes \/ Independiente<\/li>\n<li><strong>Marco Undurraga Romeo<\/strong><br \/>\nUnidos Por La Descentralizaci\u00f3n \/ Socialista de Chile<\/li>\n<li><strong>Beatriz Urrutia Huench\u00fan<\/strong><br \/>\nFrente Ecologista Y Ciudadano \/ Ecologista Verde<\/li>\n<li><strong>Sof\u00eda Valenzuela Delpiano<\/strong><br \/>\nFrente Amplio \/ Revoluci\u00f3n Democr\u00e1tica<\/li>\n<li><strong>\u00c1lvaro Williams Vinagre<\/strong><br \/>\nChile Vamos &#8211; Rn &#8211; Ev\u00f3poli \/ Evoluci\u00f3n Pol\u00edtica<\/li>\n<li><strong>Macarena Zarhi Cordero<\/strong><br \/>\nChile Vamos &#8211; Rn &#8211; Ev\u00f3poli \/ Renovaci\u00f3n Nacional<\/li>\n<\/ul>\n","protected":false},"excerpt":{"rendered":"<div class=\"mh-excerpt\"><p>El domingo 19 de Noviembre, si vives en Chile, podr\u00e1s votar por el candidato o candidata a Core, que crees que te representar\u00e1 mejor. Pero, \u00bfsabemos exactamente que hace un core? \u00bfQu\u00e9 es un core? <a class=\"mh-excerpt-more\" href=\"https:\/\/lareinanews.cl\/noticias\/index.php\/columnistas\/que-es-un-core\/\" title=\"\u00bfQu\u00e9 es un core?\">[&#8230;]<\/a><\/p>\n<\/div>","protected":false},"author":1,"featured_media":245,"parent":2,"menu_order":0,"comment_status":"closed","ping_status":"closed","template":"","meta":{"_acf_changed":false,"footnotes":""},"class_list":["post-244","page","type-page","status-publish","has-post-thumbnail"],"acf":[],"yoast_head":"<!-- This site is optimized with the Yoast SEO plugin v27.1.1 - https:\/\/yoast.com\/product\/yoast-seo-wordpress\/ -->\n<title>\u2705\u00bfQu\u00e9 es un core? - Noticias La Reina \u2705<\/title>\n<meta name=\"robots\" content=\"index, follow, max-snippet:-1, max-image-preview:large, max-video-preview:-1\" \/>\n<link rel=\"canonical\" href=\"https:\/\/lareinanews.cl\/noticias\/index.php\/columnistas\/que-es-un-core\/\" \/>\n<meta property=\"og:locale\" content=\"es_ES\" \/>\n<meta property=\"og:type\" content=\"article\" \/>\n<meta property=\"og:title\" content=\"\u2705\u00bfQu\u00e9 es un core? - Noticias La Reina \u2705\" \/>\n<meta property=\"og:description\" content=\"El domingo 19 de Noviembre, si vives en Chile, podr\u00e1s votar por el candidato o candidata a Core, que crees que te representar\u00e1 mejor. Pero, \u00bfsabemos exactamente que hace un core? \u00bfQu\u00e9 es un core? [...]\" \/>\n<meta property=\"og:url\" content=\"https:\/\/lareinanews.cl\/noticias\/index.php\/columnistas\/que-es-un-core\/\" \/>\n<meta property=\"og:site_name\" content=\"Noticias La Reina\" \/>\n<meta property=\"article:publisher\" content=\"https:\/\/www.facebook.com\/LaReinaNews\" \/>\n<meta property=\"article:modified_time\" content=\"2017-10-11T20:47:47+00:00\" \/>\n<meta property=\"og:image\" content=\"https:\/\/lareinanews.cl\/noticias\/wp-content\/uploads\/2017\/10\/core.jpg\" \/>\n\t<meta property=\"og:image:width\" content=\"650\" \/>\n\t<meta property=\"og:image:height\" content=\"490\" \/>\n\t<meta property=\"og:image:type\" content=\"image\/jpeg\" \/>\n<meta name=\"twitter:card\" content=\"summary_large_image\" \/>\n<meta name=\"twitter:label1\" content=\"Tiempo de lectura\" \/>\n\t<meta name=\"twitter:data1\" content=\"3 minutos\" \/>\n<script type=\"application\/ld+json\" class=\"yoast-schema-graph\">{\"@context\":\"https:\/\/schema.org\",\"@graph\":[{\"@type\":\"WebPage\",\"@id\":\"https:\/\/lareinanews.cl\/noticias\/index.php\/columnistas\/que-es-un-core\/\",\"url\":\"https:\/\/lareinanews.cl\/noticias\/index.php\/columnistas\/que-es-un-core\/\",\"name\":\"\u2705\u00bfQu\u00e9 es un core? - Noticias La Reina \u2705\",\"isPartOf\":{\"@id\":\"https:\/\/lareinanews.cl\/noticias\/#website\"},\"primaryImageOfPage\":{\"@id\":\"https:\/\/lareinanews.cl\/noticias\/index.php\/columnistas\/que-es-un-core\/#primaryimage\"},\"image\":{\"@id\":\"https:\/\/lareinanews.cl\/noticias\/index.php\/columnistas\/que-es-un-core\/#primaryimage\"},\"thumbnailUrl\":\"https:\/\/lareinanews.cl\/noticias\/wp-content\/uploads\/2017\/10\/core.jpg\",\"datePublished\":\"2017-10-11T20:36:36+00:00\",\"dateModified\":\"2017-10-11T20:47:47+00:00\",\"breadcrumb\":{\"@id\":\"https:\/\/lareinanews.cl\/noticias\/index.php\/columnistas\/que-es-un-core\/#breadcrumb\"},\"inLanguage\":\"es\",\"potentialAction\":[{\"@type\":\"ReadAction\",\"target\":[\"https:\/\/lareinanews.cl\/noticias\/index.php\/columnistas\/que-es-un-core\/\"]}]},{\"@type\":\"ImageObject\",\"inLanguage\":\"es\",\"@id\":\"https:\/\/lareinanews.cl\/noticias\/index.php\/columnistas\/que-es-un-core\/#primaryimage\",\"url\":\"https:\/\/lareinanews.cl\/noticias\/wp-content\/uploads\/2017\/10\/core.jpg\",\"contentUrl\":\"https:\/\/lareinanews.cl\/noticias\/wp-content\/uploads\/2017\/10\/core.jpg\",\"width\":650,\"height\":490},{\"@type\":\"BreadcrumbList\",\"@id\":\"https:\/\/lareinanews.cl\/noticias\/index.php\/columnistas\/que-es-un-core\/#breadcrumb\",\"itemListElement\":[{\"@type\":\"ListItem\",\"position\":1,\"name\":\"Inicio\",\"item\":\"https:\/\/lareinanews.cl\/noticias\/\"},{\"@type\":\"ListItem\",\"position\":2,\"name\":\"Art\u00edculos\",\"item\":\"https:\/\/lareinanews.cl\/noticias\/index.php\/columnistas\/\"},{\"@type\":\"ListItem\",\"position\":3,\"name\":\"\u00bfQu\u00e9 es un core?\"}]},{\"@type\":\"WebSite\",\"@id\":\"https:\/\/lareinanews.cl\/noticias\/#website\",\"url\":\"https:\/\/lareinanews.cl\/noticias\/\",\"name\":\"Noticias La Reina\",\"description\":\"LaReina.news\",\"publisher\":{\"@id\":\"https:\/\/lareinanews.cl\/noticias\/#organization\"},\"potentialAction\":[{\"@type\":\"SearchAction\",\"target\":{\"@type\":\"EntryPoint\",\"urlTemplate\":\"https:\/\/lareinanews.cl\/noticias\/?s={search_term_string}\"},\"query-input\":{\"@type\":\"PropertyValueSpecification\",\"valueRequired\":true,\"valueName\":\"search_term_string\"}}],\"inLanguage\":\"es\"},{\"@type\":\"Organization\",\"@id\":\"https:\/\/lareinanews.cl\/noticias\/#organization\",\"name\":\"La Reina.news Peri\u00f3dico comunal de La Reina\",\"url\":\"https:\/\/lareinanews.cl\/noticias\/\",\"logo\":{\"@type\":\"ImageObject\",\"inLanguage\":\"es\",\"@id\":\"https:\/\/lareinanews.cl\/noticias\/#\/schema\/logo\/image\/\",\"url\":\"https:\/\/lareinanews.cl\/noticias\/wp-content\/uploads\/2020\/04\/logo_schema.png\",\"contentUrl\":\"https:\/\/lareinanews.cl\/noticias\/wp-content\/uploads\/2020\/04\/logo_schema.png\",\"width\":640,\"height\":360,\"caption\":\"La Reina.news Peri\u00f3dico comunal de La Reina\"},\"image\":{\"@id\":\"https:\/\/lareinanews.cl\/noticias\/#\/schema\/logo\/image\/\"},\"sameAs\":[\"https:\/\/www.facebook.com\/LaReinaNews\",\"https:\/\/www.instagram.com\/lareinanews\/\"]}]}<\/script>\n<!-- \/ Yoast SEO plugin. -->","yoast_head_json":{"title":"\u2705\u00bfQu\u00e9 es un core? - Noticias La Reina \u2705","robots":{"index":"index","follow":"follow","max-snippet":"max-snippet:-1","max-image-preview":"max-image-preview:large","max-video-preview":"max-video-preview:-1"},"canonical":"https:\/\/lareinanews.cl\/noticias\/index.php\/columnistas\/que-es-un-core\/","og_locale":"es_ES","og_type":"article","og_title":"\u2705\u00bfQu\u00e9 es un core? - Noticias La Reina \u2705","og_description":"El domingo 19 de Noviembre, si vives en Chile, podr\u00e1s votar por el candidato o candidata a Core, que crees que te representar\u00e1 mejor. Pero, \u00bfsabemos exactamente que hace un core? \u00bfQu\u00e9 es un core? [...]","og_url":"https:\/\/lareinanews.cl\/noticias\/index.php\/columnistas\/que-es-un-core\/","og_site_name":"Noticias La Reina","article_publisher":"https:\/\/www.facebook.com\/LaReinaNews","article_modified_time":"2017-10-11T20:47:47+00:00","og_image":[{"width":650,"height":490,"url":"https:\/\/lareinanews.cl\/noticias\/wp-content\/uploads\/2017\/10\/core.jpg","type":"image\/jpeg"}],"twitter_card":"summary_large_image","twitter_misc":{"Tiempo de lectura":"3 minutos"},"schema":{"@context":"https:\/\/schema.org","@graph":[{"@type":"WebPage","@id":"https:\/\/lareinanews.cl\/noticias\/index.php\/columnistas\/que-es-un-core\/","url":"https:\/\/lareinanews.cl\/noticias\/index.php\/columnistas\/que-es-un-core\/","name":"\u2705\u00bfQu\u00e9 es un core? - Noticias La Reina \u2705","isPartOf":{"@id":"https:\/\/lareinanews.cl\/noticias\/#website"},"primaryImageOfPage":{"@id":"https:\/\/lareinanews.cl\/noticias\/index.php\/columnistas\/que-es-un-core\/#primaryimage"},"image":{"@id":"https:\/\/lareinanews.cl\/noticias\/index.php\/columnistas\/que-es-un-core\/#primaryimage"},"thumbnailUrl":"https:\/\/lareinanews.cl\/noticias\/wp-content\/uploads\/2017\/10\/core.jpg","datePublished":"2017-10-11T20:36:36+00:00","dateModified":"2017-10-11T20:47:47+00:00","breadcrumb":{"@id":"https:\/\/lareinanews.cl\/noticias\/index.php\/columnistas\/que-es-un-core\/#breadcrumb"},"inLanguage":"es","potentialAction":[{"@type":"ReadAction","target":["https:\/\/lareinanews.cl\/noticias\/index.php\/columnistas\/que-es-un-core\/"]}]},{"@type":"ImageObject","inLanguage":"es","@id":"https:\/\/lareinanews.cl\/noticias\/index.php\/columnistas\/que-es-un-core\/#primaryimage","url":"https:\/\/lareinanews.cl\/noticias\/wp-content\/uploads\/2017\/10\/core.jpg","contentUrl":"https:\/\/lareinanews.cl\/noticias\/wp-content\/uploads\/2017\/10\/core.jpg","width":650,"height":490},{"@type":"BreadcrumbList","@id":"https:\/\/lareinanews.cl\/noticias\/index.php\/columnistas\/que-es-un-core\/#breadcrumb","itemListElement":[{"@type":"ListItem","position":1,"name":"Inicio","item":"https:\/\/lareinanews.cl\/noticias\/"},{"@type":"ListItem","position":2,"name":"Art\u00edculos","item":"https:\/\/lareinanews.cl\/noticias\/index.php\/columnistas\/"},{"@type":"ListItem","position":3,"name":"\u00bfQu\u00e9 es un core?"}]},{"@type":"WebSite","@id":"https:\/\/lareinanews.cl\/noticias\/#website","url":"https:\/\/lareinanews.cl\/noticias\/","name":"Noticias La Reina","description":"LaReina.news","publisher":{"@id":"https:\/\/lareinanews.cl\/noticias\/#organization"},"potentialAction":[{"@type":"SearchAction","target":{"@type":"EntryPoint","urlTemplate":"https:\/\/lareinanews.cl\/noticias\/?s={search_term_string}"},"query-input":{"@type":"PropertyValueSpecification","valueRequired":true,"valueName":"search_term_string"}}],"inLanguage":"es"},{"@type":"Organization","@id":"https:\/\/lareinanews.cl\/noticias\/#organization","name":"La Reina.news Peri\u00f3dico comunal de La Reina","url":"https:\/\/lareinanews.cl\/noticias\/","logo":{"@type":"ImageObject","inLanguage":"es","@id":"https:\/\/lareinanews.cl\/noticias\/#\/schema\/logo\/image\/","url":"https:\/\/lareinanews.cl\/noticias\/wp-content\/uploads\/2020\/04\/logo_schema.png","contentUrl":"https:\/\/lareinanews.cl\/noticias\/wp-content\/uploads\/2020\/04\/logo_schema.png","width":640,"height":360,"caption":"La Reina.news Peri\u00f3dico comunal de La Reina"},"image":{"@id":"https:\/\/lareinanews.cl\/noticias\/#\/schema\/logo\/image\/"},"sameAs":["https:\/\/www.facebook.com\/LaReinaNews","https:\/\/www.instagram.com\/lareinanews\/"]}]}},"_links":{"self":[{"href":"https:\/\/lareinanews.cl\/noticias\/index.php\/wp-json\/wp\/v2\/pages\/244","targetHints":{"allow":["GET"]}}],"collection":[{"href":"https:\/\/lareinanews.cl\/noticias\/index.php\/wp-json\/wp\/v2\/pages"}],"about":[{"href":"https:\/\/lareinanews.cl\/noticias\/index.php\/wp-json\/wp\/v2\/types\/page"}],"author":[{"embeddable":true,"href":"https:\/\/lareinanews.cl\/noticias\/index.php\/wp-json\/wp\/v2\/users\/1"}],"replies":[{"embeddable":true,"href":"https:\/\/lareinanews.cl\/noticias\/index.php\/wp-json\/wp\/v2\/comments?post=244"}],"version-history":[{"count":13,"href":"https:\/\/lareinanews.cl\/noticias\/index.php\/wp-json\/wp\/v2\/pages\/244\/revisions"}],"predecessor-version":[{"id":259,"href":"https:\/\/lareinanews.cl\/noticias\/index.php\/wp-json\/wp\/v2\/pages\/244\/revisions\/259"}],"up":[{"embeddable":true,"href":"https:\/\/lareinanews.cl\/noticias\/index.php\/wp-json\/wp\/v2\/pages\/2"}],"wp:featuredmedia":[{"embeddable":true,"href":"https:\/\/lareinanews.cl\/noticias\/index.php\/wp-json\/wp\/v2\/media\/245"}],"wp:attachment":[{"href":"https:\/\/lareinanews.cl\/noticias\/index.php\/wp-json\/wp\/v2\/media?parent=244"}],"curies":[{"name":"wp","href":"https:\/\/api.w.org\/{rel}","templated":true}]}}