{"id":132,"date":"2017-10-06T18:07:39","date_gmt":"2017-10-06T21:07:39","guid":{"rendered":"http:\/\/lareina.news\/noticias\/?page_id=132"},"modified":"2017-10-06T18:12:46","modified_gmt":"2017-10-06T21:12:46","slug":"preparandose-para-los-desastres","status":"publish","type":"page","link":"https:\/\/lareinanews.cl\/noticias\/index.php\/columnistas\/preparandose-para-los-desastres\/","title":{"rendered":"Prepar\u00e1ndose para los desastres"},"content":{"rendered":"<p>Cuando llega el momento de un desastre natural como un terremoto o avalancha o de uno de origen humano como un incendio ya es tarde para planificar que llevaremos con nosotros en nuestra huida. Se han publicado bastantes art\u00edculos de los cuales hemos hecho un resumen, todos apuntan a tener una mochila o kit de emergencia siempre <strong>preparado y a mano<\/strong>. Los elementos recomendados nos deben permitir 72 horas de sobrevivencia:<\/p>\n<h2>La lista b\u00e1sica ( puede adaptarla a sus necesidades )<\/h2>\n<ul>\n<li>Mantas, una muda completa de ropa de abrigo y calzado resistente<\/li>\n<li>Linterna y radio a plias ( o con manivela ). Pilas.<\/li>\n<li>Botiqu\u00edn de primeros auxilios y un silbato para pedir ayuda.<\/li>\n<li>Cubiertos, abrelatas, herramienta multiusos portatil, f\u00f3sforos ( a prueba de agua )<\/li>\n<li>Mascarillas, cinta adhesiva a prueba de agua y lona pl\u00e1stica para cubrirse<\/li>\n<li>Cepillos de dientes, jab\u00f3n, toallas, papel higi\u00e9nico<\/li>\n<li>Art\u00edculos para el cuidado de ni\u00f1os o personas enfermas.<\/li>\n<li>Unos 11 litros de agua por persona ( dos por d\u00eda )<\/li>\n<\/ul>\n<figure id=\"attachment_137\" aria-describedby=\"caption-attachment-137\" style=\"width: 405px\" class=\"wp-caption aligncenter\"><img loading=\"lazy\" decoding=\"async\" class=\"wp-image-137\" src=\"http:\/\/lareina.news\/noticias\/wp-content\/uploads\/2017\/10\/kit2-300x140.jpg\" alt=\"\" width=\"405\" height=\"189\" srcset=\"https:\/\/lareinanews.cl\/noticias\/wp-content\/uploads\/2017\/10\/kit2-300x140.jpg 300w, https:\/\/lareinanews.cl\/noticias\/wp-content\/uploads\/2017\/10\/kit2.jpg 574w\" sizes=\"auto, (max-width: 405px) 100vw, 405px\" \/><figcaption id=\"caption-attachment-137\" class=\"wp-caption-text\">La \u00abmochila de emergencias\u00bb puede ser en realidad cualquier contenedor confiable para transportar los elementos necesarios.<\/figcaption><\/figure>\n<h2>Necesarios pero no vitales<\/h2>\n<ul>\n<li>Un recipiente con medicamentos y copias de recetas y documentos importantes<\/li>\n<li>Una lista con los n\u00fameros de tel\u00e9fono de sus contactos de emergencia y tambi\u00e9n de las autoridades locales. Un mapa de la zona y los lugares de encuentro<\/li>\n<li>Tarjetas bancarias y dinero en efectivo<\/li>\n<li>Un juego de las llaves de la casa y del auto<\/li>\n<li>Papel, l\u00e1pices, juguetes para los ni\u00f1os<\/li>\n<li>Cargador para los celulares. Pilas para artefactos tales como aud\u00edfonos para la sordera<\/li>\n<li>Un costurero<\/li>\n<\/ul>\n<p>fuentes:<\/p>\n<p><a href=\"https:\/\/www.jw.org\/es\/publicaciones\/revistas\/despertad-2017-numero5-octubre\/desastres-que-hacer-para-sobrevivir\/\">\u00bfTiene todo lo necesario?<\/a><\/p>\n<p><a href=\"http:\/\/supervivencia72horas.com\/index.php\/mochila-72horas\/\">Mochila 72 horas<\/a><\/p>\n<p>&nbsp;<\/p>\n<p>&nbsp;<\/p>\n<p>&nbsp;<\/p>\n","protected":false},"excerpt":{"rendered":"<div class=\"mh-excerpt\"><p>Cuando llega el momento de un desastre natural como un terremoto o avalancha o de uno de origen humano como un incendio ya es tarde para planificar que llevaremos con nosotros en nuestra huida. Se <a class=\"mh-excerpt-more\" href=\"https:\/\/lareinanews.cl\/noticias\/index.php\/columnistas\/preparandose-para-los-desastres\/\" title=\"Prepar\u00e1ndose para los desastres\">[&#8230;]<\/a><\/p>\n<\/div>","protected":false},"author":9,"featured_media":133,"parent":2,"menu_order":0,"comment_status":"closed","ping_status":"closed","template":"template-full.php","meta":{"_acf_changed":false,"footnotes":""},"class_list":["post-132","page","type-page","status-publish","has-post-thumbnail"],"acf":[],"yoast_head":"<!-- This site is optimized with the Yoast SEO plugin v27.1.1 - https:\/\/yoast.com\/product\/yoast-seo-wordpress\/ -->\n<title>\u2705Prepar\u00e1ndose para los desastres - Noticias La Reina \u2705<\/title>\n<meta name=\"robots\" content=\"index, follow, max-snippet:-1, max-image-preview:large, max-video-preview:-1\" \/>\n<link rel=\"canonical\" href=\"https:\/\/lareinanews.cl\/noticias\/index.php\/columnistas\/preparandose-para-los-desastres\/\" \/>\n<meta property=\"og:locale\" content=\"es_ES\" \/>\n<meta property=\"og:type\" content=\"article\" \/>\n<meta property=\"og:title\" content=\"\u2705Prepar\u00e1ndose para los desastres - Noticias La Reina \u2705\" \/>\n<meta property=\"og:description\" content=\"Cuando llega el momento de un desastre natural como un terremoto o avalancha o de uno de origen humano como un incendio ya es tarde para planificar que llevaremos con nosotros en nuestra huida. Se [...]\" \/>\n<meta property=\"og:url\" content=\"https:\/\/lareinanews.cl\/noticias\/index.php\/columnistas\/preparandose-para-los-desastres\/\" \/>\n<meta property=\"og:site_name\" content=\"Noticias La Reina\" \/>\n<meta property=\"article:publisher\" content=\"https:\/\/www.facebook.com\/LaReinaNews\" \/>\n<meta property=\"article:modified_time\" content=\"2017-10-06T21:12:46+00:00\" \/>\n<meta property=\"og:image\" content=\"https:\/\/lareinanews.cl\/noticias\/wp-content\/uploads\/2017\/10\/kit.jpg\" \/>\n\t<meta property=\"og:image:width\" content=\"325\" \/>\n\t<meta property=\"og:image:height\" content=\"245\" \/>\n\t<meta property=\"og:image:type\" content=\"image\/jpeg\" \/>\n<meta name=\"twitter:card\" content=\"summary_large_image\" \/>\n<meta name=\"twitter:label1\" content=\"Tiempo de lectura\" \/>\n\t<meta name=\"twitter:data1\" content=\"1 minuto\" \/>\n<script type=\"application\/ld+json\" class=\"yoast-schema-graph\">{\"@context\":\"https:\/\/schema.org\",\"@graph\":[{\"@type\":\"WebPage\",\"@id\":\"https:\/\/lareinanews.cl\/noticias\/index.php\/columnistas\/preparandose-para-los-desastres\/\",\"url\":\"https:\/\/lareinanews.cl\/noticias\/index.php\/columnistas\/preparandose-para-los-desastres\/\",\"name\":\"\u2705Prepar\u00e1ndose para los desastres - Noticias La Reina \u2705\",\"isPartOf\":{\"@id\":\"https:\/\/lareinanews.cl\/noticias\/#website\"},\"primaryImageOfPage\":{\"@id\":\"https:\/\/lareinanews.cl\/noticias\/index.php\/columnistas\/preparandose-para-los-desastres\/#primaryimage\"},\"image\":{\"@id\":\"https:\/\/lareinanews.cl\/noticias\/index.php\/columnistas\/preparandose-para-los-desastres\/#primaryimage\"},\"thumbnailUrl\":\"https:\/\/lareinanews.cl\/noticias\/wp-content\/uploads\/2017\/10\/kit.jpg\",\"datePublished\":\"2017-10-06T21:07:39+00:00\",\"dateModified\":\"2017-10-06T21:12:46+00:00\",\"breadcrumb\":{\"@id\":\"https:\/\/lareinanews.cl\/noticias\/index.php\/columnistas\/preparandose-para-los-desastres\/#breadcrumb\"},\"inLanguage\":\"es\",\"potentialAction\":[{\"@type\":\"ReadAction\",\"target\":[\"https:\/\/lareinanews.cl\/noticias\/index.php\/columnistas\/preparandose-para-los-desastres\/\"]}]},{\"@type\":\"ImageObject\",\"inLanguage\":\"es\",\"@id\":\"https:\/\/lareinanews.cl\/noticias\/index.php\/columnistas\/preparandose-para-los-desastres\/#primaryimage\",\"url\":\"https:\/\/lareinanews.cl\/noticias\/wp-content\/uploads\/2017\/10\/kit.jpg\",\"contentUrl\":\"https:\/\/lareinanews.cl\/noticias\/wp-content\/uploads\/2017\/10\/kit.jpg\",\"width\":325,\"height\":245},{\"@type\":\"BreadcrumbList\",\"@id\":\"https:\/\/lareinanews.cl\/noticias\/index.php\/columnistas\/preparandose-para-los-desastres\/#breadcrumb\",\"itemListElement\":[{\"@type\":\"ListItem\",\"position\":1,\"name\":\"Inicio\",\"item\":\"https:\/\/lareinanews.cl\/noticias\/\"},{\"@type\":\"ListItem\",\"position\":2,\"name\":\"Art\u00edculos\",\"item\":\"https:\/\/lareinanews.cl\/noticias\/index.php\/columnistas\/\"},{\"@type\":\"ListItem\",\"position\":3,\"name\":\"Prepar\u00e1ndose para los desastres\"}]},{\"@type\":\"WebSite\",\"@id\":\"https:\/\/lareinanews.cl\/noticias\/#website\",\"url\":\"https:\/\/lareinanews.cl\/noticias\/\",\"name\":\"Noticias La Reina\",\"description\":\"LaReina.news\",\"publisher\":{\"@id\":\"https:\/\/lareinanews.cl\/noticias\/#organization\"},\"potentialAction\":[{\"@type\":\"SearchAction\",\"target\":{\"@type\":\"EntryPoint\",\"urlTemplate\":\"https:\/\/lareinanews.cl\/noticias\/?s={search_term_string}\"},\"query-input\":{\"@type\":\"PropertyValueSpecification\",\"valueRequired\":true,\"valueName\":\"search_term_string\"}}],\"inLanguage\":\"es\"},{\"@type\":\"Organization\",\"@id\":\"https:\/\/lareinanews.cl\/noticias\/#organization\",\"name\":\"La Reina.news Peri\u00f3dico comunal de La Reina\",\"url\":\"https:\/\/lareinanews.cl\/noticias\/\",\"logo\":{\"@type\":\"ImageObject\",\"inLanguage\":\"es\",\"@id\":\"https:\/\/lareinanews.cl\/noticias\/#\/schema\/logo\/image\/\",\"url\":\"https:\/\/lareinanews.cl\/noticias\/wp-content\/uploads\/2020\/04\/logo_schema.png\",\"contentUrl\":\"https:\/\/lareinanews.cl\/noticias\/wp-content\/uploads\/2020\/04\/logo_schema.png\",\"width\":640,\"height\":360,\"caption\":\"La Reina.news Peri\u00f3dico comunal de La Reina\"},\"image\":{\"@id\":\"https:\/\/lareinanews.cl\/noticias\/#\/schema\/logo\/image\/\"},\"sameAs\":[\"https:\/\/www.facebook.com\/LaReinaNews\",\"https:\/\/www.instagram.com\/lareinanews\/\"]}]}<\/script>\n<!-- \/ Yoast SEO plugin. -->","yoast_head_json":{"title":"\u2705Prepar\u00e1ndose para los desastres - Noticias La Reina \u2705","robots":{"index":"index","follow":"follow","max-snippet":"max-snippet:-1","max-image-preview":"max-image-preview:large","max-video-preview":"max-video-preview:-1"},"canonical":"https:\/\/lareinanews.cl\/noticias\/index.php\/columnistas\/preparandose-para-los-desastres\/","og_locale":"es_ES","og_type":"article","og_title":"\u2705Prepar\u00e1ndose para los desastres - Noticias La Reina \u2705","og_description":"Cuando llega el momento de un desastre natural como un terremoto o avalancha o de uno de origen humano como un incendio ya es tarde para planificar que llevaremos con nosotros en nuestra huida. Se [...]","og_url":"https:\/\/lareinanews.cl\/noticias\/index.php\/columnistas\/preparandose-para-los-desastres\/","og_site_name":"Noticias La Reina","article_publisher":"https:\/\/www.facebook.com\/LaReinaNews","article_modified_time":"2017-10-06T21:12:46+00:00","og_image":[{"width":325,"height":245,"url":"https:\/\/lareinanews.cl\/noticias\/wp-content\/uploads\/2017\/10\/kit.jpg","type":"image\/jpeg"}],"twitter_card":"summary_large_image","twitter_misc":{"Tiempo de lectura":"1 minuto"},"schema":{"@context":"https:\/\/schema.org","@graph":[{"@type":"WebPage","@id":"https:\/\/lareinanews.cl\/noticias\/index.php\/columnistas\/preparandose-para-los-desastres\/","url":"https:\/\/lareinanews.cl\/noticias\/index.php\/columnistas\/preparandose-para-los-desastres\/","name":"\u2705Prepar\u00e1ndose para los desastres - Noticias La Reina \u2705","isPartOf":{"@id":"https:\/\/lareinanews.cl\/noticias\/#website"},"primaryImageOfPage":{"@id":"https:\/\/lareinanews.cl\/noticias\/index.php\/columnistas\/preparandose-para-los-desastres\/#primaryimage"},"image":{"@id":"https:\/\/lareinanews.cl\/noticias\/index.php\/columnistas\/preparandose-para-los-desastres\/#primaryimage"},"thumbnailUrl":"https:\/\/lareinanews.cl\/noticias\/wp-content\/uploads\/2017\/10\/kit.jpg","datePublished":"2017-10-06T21:07:39+00:00","dateModified":"2017-10-06T21:12:46+00:00","breadcrumb":{"@id":"https:\/\/lareinanews.cl\/noticias\/index.php\/columnistas\/preparandose-para-los-desastres\/#breadcrumb"},"inLanguage":"es","potentialAction":[{"@type":"ReadAction","target":["https:\/\/lareinanews.cl\/noticias\/index.php\/columnistas\/preparandose-para-los-desastres\/"]}]},{"@type":"ImageObject","inLanguage":"es","@id":"https:\/\/lareinanews.cl\/noticias\/index.php\/columnistas\/preparandose-para-los-desastres\/#primaryimage","url":"https:\/\/lareinanews.cl\/noticias\/wp-content\/uploads\/2017\/10\/kit.jpg","contentUrl":"https:\/\/lareinanews.cl\/noticias\/wp-content\/uploads\/2017\/10\/kit.jpg","width":325,"height":245},{"@type":"BreadcrumbList","@id":"https:\/\/lareinanews.cl\/noticias\/index.php\/columnistas\/preparandose-para-los-desastres\/#breadcrumb","itemListElement":[{"@type":"ListItem","position":1,"name":"Inicio","item":"https:\/\/lareinanews.cl\/noticias\/"},{"@type":"ListItem","position":2,"name":"Art\u00edculos","item":"https:\/\/lareinanews.cl\/noticias\/index.php\/columnistas\/"},{"@type":"ListItem","position":3,"name":"Prepar\u00e1ndose para los desastres"}]},{"@type":"WebSite","@id":"https:\/\/lareinanews.cl\/noticias\/#website","url":"https:\/\/lareinanews.cl\/noticias\/","name":"Noticias La Reina","description":"LaReina.news","publisher":{"@id":"https:\/\/lareinanews.cl\/noticias\/#organization"},"potentialAction":[{"@type":"SearchAction","target":{"@type":"EntryPoint","urlTemplate":"https:\/\/lareinanews.cl\/noticias\/?s={search_term_string}"},"query-input":{"@type":"PropertyValueSpecification","valueRequired":true,"valueName":"search_term_string"}}],"inLanguage":"es"},{"@type":"Organization","@id":"https:\/\/lareinanews.cl\/noticias\/#organization","name":"La Reina.news Peri\u00f3dico comunal de La Reina","url":"https:\/\/lareinanews.cl\/noticias\/","logo":{"@type":"ImageObject","inLanguage":"es","@id":"https:\/\/lareinanews.cl\/noticias\/#\/schema\/logo\/image\/","url":"https:\/\/lareinanews.cl\/noticias\/wp-content\/uploads\/2020\/04\/logo_schema.png","contentUrl":"https:\/\/lareinanews.cl\/noticias\/wp-content\/uploads\/2020\/04\/logo_schema.png","width":640,"height":360,"caption":"La Reina.news Peri\u00f3dico comunal de La Reina"},"image":{"@id":"https:\/\/lareinanews.cl\/noticias\/#\/schema\/logo\/image\/"},"sameAs":["https:\/\/www.facebook.com\/LaReinaNews","https:\/\/www.instagram.com\/lareinanews\/"]}]}},"_links":{"self":[{"href":"https:\/\/lareinanews.cl\/noticias\/index.php\/wp-json\/wp\/v2\/pages\/132","targetHints":{"allow":["GET"]}}],"collection":[{"href":"https:\/\/lareinanews.cl\/noticias\/index.php\/wp-json\/wp\/v2\/pages"}],"about":[{"href":"https:\/\/lareinanews.cl\/noticias\/index.php\/wp-json\/wp\/v2\/types\/page"}],"author":[{"embeddable":true,"href":"https:\/\/lareinanews.cl\/noticias\/index.php\/wp-json\/wp\/v2\/users\/9"}],"replies":[{"embeddable":true,"href":"https:\/\/lareinanews.cl\/noticias\/index.php\/wp-json\/wp\/v2\/comments?post=132"}],"version-history":[{"count":7,"href":"https:\/\/lareinanews.cl\/noticias\/index.php\/wp-json\/wp\/v2\/pages\/132\/revisions"}],"predecessor-version":[{"id":135,"href":"https:\/\/lareinanews.cl\/noticias\/index.php\/wp-json\/wp\/v2\/pages\/132\/revisions\/135"}],"up":[{"embeddable":true,"href":"https:\/\/lareinanews.cl\/noticias\/index.php\/wp-json\/wp\/v2\/pages\/2"}],"wp:featuredmedia":[{"embeddable":true,"href":"https:\/\/lareinanews.cl\/noticias\/index.php\/wp-json\/wp\/v2\/media\/133"}],"wp:attachment":[{"href":"https:\/\/lareinanews.cl\/noticias\/index.php\/wp-json\/wp\/v2\/media?parent=132"}],"curies":[{"name":"wp","href":"https:\/\/api.w.org\/{rel}","templated":true}]}}